{"id":84,"date":"2016-05-05T12:36:27","date_gmt":"2016-05-05T10:36:27","guid":{"rendered":"http:\/\/luc-partner.de\/?page_id=84"},"modified":"2016-06-01T12:18:04","modified_gmt":"2016-06-01T10:18:04","slug":"unsere-serviceleistungen","status":"publish","type":"page","link":"https:\/\/luc-partner.de\/?page_id=84","title":{"rendered":"Unser Service"},"content":{"rendered":"<div id=\"pl-84\"  class=\"panel-layout\" ><div id=\"pg-84-0\"  class=\"panel-grid panel-has-style\" ><div class=\"siteorigin-panels-stretch panel-row-style panel-row-style-for-84-0\" data-stretch-type=\"full-stretched\" ><div id=\"pgc-84-0-0\"  class=\"panel-grid-cell\" ><div id=\"panel-84-0-0-0\" class=\"so-panel widget widget_sow-hero panel-first-child panel-last-child\" data-index=\"0\" ><div\n\t\t\t\n\t\t\tclass=\"so-widget-sow-hero so-widget-sow-hero-default-d933ac6ad890-84 so-widget-fittext-wrapper\"\n\t\t\t data-fit-text-compressor=\"0.85\"\n\t\t>\t\t\t\t<div class=\"sow-slider-base\" style=\"display: none\" tabindex=\"0\">\n\t\t\t\t\t<ul\n\t\t\t\t\tclass=\"sow-slider-images\"\n\t\t\t\t\tdata-settings=\"{&quot;pagination&quot;:true,&quot;speed&quot;:800,&quot;timeout&quot;:8000,&quot;paused&quot;:false,&quot;pause_on_hover&quot;:false,&quot;swipe&quot;:true,&quot;nav_always_show_desktop&quot;:&quot;&quot;,&quot;nav_always_show_mobile&quot;:&quot;&quot;,&quot;breakpoint&quot;:&quot;780px&quot;,&quot;unmute&quot;:false,&quot;anchor&quot;:null}\"\n\t\t\t\t\t\t\t\t\t\tdata-anchor-id=\"\"\n\t\t\t\t>\t\t<li class=\"sow-slider-image  sow-slider-image-cover\" style=\"visibility: visible;;background-color: #b52929;cursor: pointer;\" data-url=\"{&quot;url&quot;:&quot;https:\\\/\\\/luc-partner.de\\\/&quot;,&quot;new_window&quot;:false}\" >\n\t\t\t\t\t<div class=\"sow-slider-image-container\">\n\t\t\t<div class=\"sow-slider-image-wrapper\">\n\t\t\t\t<h1><span class=\"diyfeDecoration\">Unsere Serviceleistungen f\u00fcr Sie<br \/><\/span><\/h1><p>24 \/ 7\u00a0 Bereitschaft<\/p>\t\t\t<\/div>\n\t\t<\/div>\n\t\t<div class=\"sow-slider-image-overlay sow-slider-image-cover\" style=\"opacity: 0.65;background-image: url(https:\/\/luc-partner.de\/wp-content\/uploads\/2016\/04\/searching_146602_low.jpg)\"  ><\/div>\t\t<\/li>\n\t\t<\/ul>\t\t\t\t<ol class=\"sow-slider-pagination\">\n\t\t\t\t\t\t\t\t\t\t\t<li><a href=\"#\" data-goto=\"0\" aria-label=\"Display slide 1\"><\/a><\/li>\n\t\t\t\t\t\t\t\t\t<\/ol>\n\n\t\t\t\t<div class=\"sow-slide-nav sow-slide-nav-next\">\n\t\t\t\t\t<a href=\"#\" data-goto=\"next\" aria-label=\"Next slide\" data-action=\"next\">\n\t\t\t\t\t\t<em class=\"sow-sld-icon-thin-right\"><\/em>\n\t\t\t\t\t<\/a>\n\t\t\t\t<\/div>\n\n\t\t\t\t<div class=\"sow-slide-nav sow-slide-nav-prev\">\n\t\t\t\t\t<a href=\"#\" data-goto=\"previous\" aria-label=\"Previous slide\" data-action=\"prev\">\n\t\t\t\t\t\t<em class=\"sow-sld-icon-thin-left\"><\/em>\n\t\t\t\t\t<\/a>\n\t\t\t\t<\/div>\n\t\t\t\t<\/div><\/div><\/div><\/div><\/div><\/div><div id=\"pg-84-1\"  class=\"panel-grid panel-has-style\" ><div class=\"siteorigin-panels-stretch panel-row-style panel-row-style-for-84-1\" data-stretch-type=\"full\" ><div id=\"pgc-84-1-0\"  class=\"panel-grid-cell panel-grid-cell-mobile-last\" ><div id=\"panel-84-1-0-0\" class=\"so-panel widget widget_sow-headline panel-first-child panel-last-child\" data-index=\"1\" ><div\n\t\t\t\n\t\t\tclass=\"so-widget-sow-headline so-widget-sow-headline-default-f0a5d1929c14-84\"\n\t\t\t\n\t\t><div class=\"sow-headline-container \">\n\t\t\t\t\t\t\t<h1 class=\"sow-headline\">\n\t\t\t\t\t\tGrundpflege nach SGB XI\t\t\t\t\t\t<\/h1>\n\t\t\t\t\t\t\t\t\t\t\t\t<h3 class=\"sow-sub-headline\">\n\t\t\t\t\t\tWenn Pflegebed\u00fcrftigkeit eintritt, ver\u00e4ndert sich f\u00fcr den zu Pflegenden und seine Angeh\u00f6rigen das t\u00e4gliche Leben. Wir unterst\u00fctzen Sie dabei.\t\t\t\t\t\t<\/h3>\n\t\t\t\t\t\t<\/div>\n<\/div><\/div><\/div><div id=\"pgc-84-1-1\"  class=\"panel-grid-cell panel-grid-cell-empty\" ><\/div><\/div><\/div><div id=\"pg-84-2\"  class=\"panel-grid panel-no-style\" ><div id=\"pgc-84-2-0\"  class=\"panel-grid-cell panel-grid-cell-empty\" ><\/div><div id=\"pgc-84-2-1\"  class=\"panel-grid-cell\" ><div id=\"panel-84-2-1-0\" class=\"so-panel widget widget_sow-headline panel-first-child panel-last-child\" data-index=\"2\" ><div\n\t\t\t\n\t\t\tclass=\"so-widget-sow-headline so-widget-sow-headline-default-10b31aff6790-84\"\n\t\t\t\n\t\t><div class=\"sow-headline-container \">\n\t\t\t\t\t\t\t<h1 class=\"sow-headline\">\n\t\t\t\t\t\tBetreuung nach \u00a745b\t\t\t\t\t\t<\/h1>\n\t\t\t\t\t\t\t\t\t\t\t\t<h3 class=\"sow-sub-headline\">\n\t\t\t\t\t\tZus\u00e4tzliche Betreuungsleistungen bzw. erweiterte Betreuungsleistungen nach \u00a7 45 SGB XI sind Leistungen f\u00fcr Pflegeversicherte mit erheblichem allgemeinen Betreuungsbedarf.\t\t\t\t\t\t<\/h3>\n\t\t\t\t\t\t<\/div>\n<\/div><\/div><\/div><\/div><div id=\"pg-84-3\"  class=\"panel-grid panel-has-style\" ><div class=\"siteorigin-panels-stretch panel-row-style panel-row-style-for-84-3\" data-stretch-type=\"full\" ><div id=\"pgc-84-3-0\"  class=\"panel-grid-cell panel-grid-cell-mobile-last\" ><div id=\"panel-84-3-0-0\" class=\"so-panel widget widget_sow-headline panel-first-child panel-last-child\" data-index=\"3\" ><div\n\t\t\t\n\t\t\tclass=\"so-widget-sow-headline so-widget-sow-headline-default-f0a5d1929c14-84\"\n\t\t\t\n\t\t><div class=\"sow-headline-container \">\n\t\t\t\t\t\t\t<h1 class=\"sow-headline\">\n\t\t\t\t\t\tMedizinische Behandlungspflege SGB V\t\t\t\t\t\t<\/h1>\n\t\t\t\t\t\t\t\t\t\t\t\t<h3 class=\"sow-sub-headline\">\n\t\t\t\t\t\tSelbstverst\u00e4ndlich \u00fcbernehmen wir auch die h\u00e4usliche Krankenpflege, wenn dadurch eine Krankenhausbehandlung vermieden oder verk\u00fcrzt wird bzw. wenn eine Krankenhausbehandlung nicht m\u00f6glich ist. Unsere erfahrenen Pflegefachkr\u00e4fte \u00fcbernehmen zuverl\u00e4ssig auch alle \u00e4rztlich verordneten Leistungen wie zum Beispiel: Richten und Verabreichen Ihrer verordneten Medikamente Injektionen, Blutzucker-, Blutdruckmessungen, An- und Ausziehen von Kompressionsstr\u00fcmpfen, Fachgerechte Versorgung von Wunden\t\t\t\t\t\t<\/h3>\n\t\t\t\t\t\t<\/div>\n<\/div><\/div><\/div><div id=\"pgc-84-3-1\"  class=\"panel-grid-cell panel-grid-cell-empty\" ><\/div><\/div><\/div><div id=\"pg-84-4\"  class=\"panel-grid panel-no-style\" ><div id=\"pgc-84-4-0\"  class=\"panel-grid-cell panel-grid-cell-empty\" ><\/div><div id=\"pgc-84-4-1\"  class=\"panel-grid-cell\" ><div id=\"panel-84-4-1-0\" class=\"so-panel widget widget_sow-headline panel-first-child panel-last-child\" data-index=\"4\" ><div\n\t\t\t\n\t\t\tclass=\"so-widget-sow-headline so-widget-sow-headline-default-10b31aff6790-84\"\n\t\t\t\n\t\t><div class=\"sow-headline-container \">\n\t\t\t\t\t\t\t<h1 class=\"sow-headline\">\n\t\t\t\t\t\tUrlaubs- und Verhinderungspflege\t\t\t\t\t\t<\/h1>\n\t\t\t\t\t\t\t\t\t\t\t\t<h3 class=\"sow-sub-headline\">\n\t\t\t\t\t\tAls pflegender Angeh\u00f6riger braucht man auch mal eine Auszeit. zum sammeln neuer Kr\u00e4fte, zur Erholung oder einfach um einmal eigene Wege zu gehen. Sprechen Sie uns an.\t\t\t\t\t\t<\/h3>\n\t\t\t\t\t\t<\/div>\n<\/div><\/div><\/div><\/div><div id=\"pg-84-5\"  class=\"panel-grid panel-has-style\" ><div class=\"siteorigin-panels-stretch panel-row-style panel-row-style-for-84-5\" data-stretch-type=\"full\" ><div id=\"pgc-84-5-0\"  class=\"panel-grid-cell panel-grid-cell-mobile-last\" ><div id=\"panel-84-5-0-0\" class=\"so-panel widget widget_sow-headline panel-first-child panel-last-child\" data-index=\"5\" ><div\n\t\t\t\n\t\t\tclass=\"so-widget-sow-headline so-widget-sow-headline-default-f0a5d1929c14-84\"\n\t\t\t\n\t\t><div class=\"sow-headline-container \">\n\t\t\t\t\t\t\t<h1 class=\"sow-headline\">\n\t\t\t\t\t\tIndividuelle Beratung - Pflegeberatung\t\t\t\t\t\t<\/h1>\n\t\t\t\t\t\t\t\t\t\t\t\t<h3 class=\"sow-sub-headline\">\n\t\t\t\t\t\tWir beraten Sie umfassend \u00fcber m\u00f6gliche Hilfen: *Leistungen der Kranken- und Pflegeversicherung *Finanzierung der anfallenden Kosten *Die Pflegeversicherung bietet sowohl Pflegebed\u00fcrftigen als auch deren Angeh\u00f6rigen vielf\u00e4ltige Unterst\u00fctzungsm\u00f6glichkeiten. *Gerne beraten wir Sie unverbindlich sowohl zu Ihren individuellen M\u00f6glichkeiten als auch zu gegebenenfalls anfallenden Kosten.  Wenn n\u00f6tig unterst\u00fctzen wir Sie von der Antragstellung bei den richtigen Kostentr\u00e4gern bis zum Erhalt der Leistungen. Pflegende Angeh\u00f6rige werden h\u00e4ufig bis an ihre Belastungsgrenzen gefordert. Die Pflegeversicherung hat auf diese Tatsache reagiert und die Leistungen der Verhinderungspflege stark ausgeweitet.  Wir beraten Sie zu den M\u00f6glichkeiten, die Ihnen zur Entlastung und Erholung zur Verf\u00fcgung stehen.  Rufen Sie an und vereinbaren ein unverbindliches und kostenloses Beratungsgespr\u00e4ch!\t\t\t\t\t\t<\/h3>\n\t\t\t\t\t\t<\/div>\n<\/div><\/div><\/div><div id=\"pgc-84-5-1\"  class=\"panel-grid-cell panel-grid-cell-empty\" ><\/div><\/div><\/div><div id=\"pg-84-6\"  class=\"panel-grid panel-no-style\" ><div id=\"pgc-84-6-0\"  class=\"panel-grid-cell panel-grid-cell-empty\" ><\/div><div id=\"pgc-84-6-1\"  class=\"panel-grid-cell\" ><div id=\"panel-84-6-1-0\" class=\"so-panel widget widget_sow-headline panel-first-child panel-last-child\" data-index=\"6\" ><div\n\t\t\t\n\t\t\tclass=\"so-widget-sow-headline so-widget-sow-headline-default-10b31aff6790-84\"\n\t\t\t\n\t\t><div class=\"sow-headline-container \">\n\t\t\t\t\t\t\t<h1 class=\"sow-headline\">\n\t\t\t\t\t\tHauswirtschaftliche Versorgung\t\t\t\t\t\t<\/h1>\n\t\t\t\t\t\t\t\t\t\t\t\t<h3 class=\"sow-sub-headline\">\n\t\t\t\t\t\tEinkaufen, W\u00e4sche waschen, Staubsaugen und Aufr\u00e4umen sind keine pflegerischen Leistungen. Trotzdem sind sie essentieller Bestandteil der h\u00e4uslichen Versorgung eines Pflegebed\u00fcrftigen.\t\t\t\t\t\t<\/h3>\n\t\t\t\t\t\t<\/div>\n<\/div><\/div><\/div><\/div><div id=\"pg-84-7\"  class=\"panel-grid panel-has-style\" ><div class=\"siteorigin-panels-stretch panel-row-style panel-row-style-for-84-7\" data-stretch-type=\"full\" ><div id=\"pgc-84-7-0\"  class=\"panel-grid-cell\" ><div id=\"panel-84-7-0-0\" class=\"so-panel widget widget_sow-headline panel-first-child panel-last-child\" data-index=\"7\" ><div\n\t\t\t\n\t\t\tclass=\"so-widget-sow-headline so-widget-sow-headline-default-f0a5d1929c14-84\"\n\t\t\t\n\t\t><div class=\"sow-headline-container \">\n\t\t\t\t\t\t\t<h1 class=\"sow-headline\">\n\t\t\t\t\t\t01522-1841824\t\t\t\t\t\t<\/h1>\n\t\t\t\t\t\t\t\t\t\t\t\t<h3 class=\"sow-sub-headline\">\n\t\t\t\t\t\tWir sind f\u00fcr Sie da: 24 Stunden am Tag, sieben Tage in der Woche. \t\t\t\t\t\t<\/h3>\n\t\t\t\t\t\t<\/div>\n<\/div><\/div><\/div><\/div><\/div><\/div>","protected":false},"excerpt":{"rendered":"<p>Unsere Serviceleistungen f\u00fcr Sie24 \/ 7\u00a0 Bereitschaft Grundpflege nach SGB XI Wenn Pflegebed\u00fcrftigkeit eintritt, ver\u00e4ndert sich f\u00fcr den zu Pflegenden und seine Angeh\u00f6rigen das t\u00e4gliche Leben. Wir unterst\u00fctzen Sie dabei. Betreuung nach \u00a745b Zus\u00e4tzliche Betreuungsleistungen bzw. erweiterte Betreuungsleistungen nach \u00a7 45 SGB XI sind Leistungen f\u00fcr Pflegeversicherte mit erheblichem allgemeinen Betreuungsbedarf. Medizinische Behandlungspflege SGB V<\/p>\n<div class=\"readmore\"><a class=\"btn slider-btn1\" href=\"https:\/\/luc-partner.de\/?page_id=84\">Read More&#8230;<\/a><\/div>\n","protected":false},"author":1,"featured_media":0,"parent":0,"menu_order":4,"comment_status":"closed","ping_status":"closed","template":"","meta":{"footnotes":""},"class_list":["post-84","page","type-page","status-publish","hentry"],"aioseo_notices":[],"_links":{"self":[{"href":"https:\/\/luc-partner.de\/index.php?rest_route=\/wp\/v2\/pages\/84","targetHints":{"allow":["GET"]}}],"collection":[{"href":"https:\/\/luc-partner.de\/index.php?rest_route=\/wp\/v2\/pages"}],"about":[{"href":"https:\/\/luc-partner.de\/index.php?rest_route=\/wp\/v2\/types\/page"}],"author":[{"embeddable":true,"href":"https:\/\/luc-partner.de\/index.php?rest_route=\/wp\/v2\/users\/1"}],"replies":[{"embeddable":true,"href":"https:\/\/luc-partner.de\/index.php?rest_route=%2Fwp%2Fv2%2Fcomments&post=84"}],"version-history":[{"count":10,"href":"https:\/\/luc-partner.de\/index.php?rest_route=\/wp\/v2\/pages\/84\/revisions"}],"predecessor-version":[{"id":120,"href":"https:\/\/luc-partner.de\/index.php?rest_route=\/wp\/v2\/pages\/84\/revisions\/120"}],"wp:attachment":[{"href":"https:\/\/luc-partner.de\/index.php?rest_route=%2Fwp%2Fv2%2Fmedia&parent=84"}],"curies":[{"name":"wp","href":"https:\/\/api.w.org\/{rel}","templated":true}]}}