{"id":11,"date":"2016-04-26T14:58:39","date_gmt":"2016-04-26T12:58:39","guid":{"rendered":"http:\/\/luc-partner.de\/?page_id=11"},"modified":"2020-05-22T20:51:17","modified_gmt":"2020-05-22T18:51:17","slug":"home","status":"publish","type":"page","link":"https:\/\/luc-partner.de\/","title":{"rendered":"Home"},"content":{"rendered":"<div id=\"pl-11\"  class=\"panel-layout\" ><div id=\"pg-11-0\"  class=\"panel-grid panel-has-style\" ><div class=\"siteorigin-panels-stretch panel-row-style panel-row-style-for-11-0\" data-stretch-type=\"full-stretched\" ><div id=\"pgc-11-0-0\"  class=\"panel-grid-cell\" ><div id=\"panel-11-0-0-0\" class=\"so-panel widget widget_sow-hero panel-first-child panel-last-child\" data-index=\"0\" ><div\n\t\t\t\n\t\t\tclass=\"so-widget-sow-hero so-widget-sow-hero-default-d933ac6ad890-11 so-widget-fittext-wrapper\"\n\t\t\t data-fit-text-compressor=\"0.85\"\n\t\t>\t\t\t\t<div class=\"sow-slider-base\" style=\"display: none\" tabindex=\"0\">\n\t\t\t\t\t<ul\n\t\t\t\t\tclass=\"sow-slider-images\"\n\t\t\t\t\tdata-settings=\"{&quot;pagination&quot;:true,&quot;speed&quot;:800,&quot;timeout&quot;:8000,&quot;paused&quot;:false,&quot;pause_on_hover&quot;:false,&quot;swipe&quot;:true,&quot;nav_always_show_desktop&quot;:&quot;&quot;,&quot;nav_always_show_mobile&quot;:&quot;&quot;,&quot;breakpoint&quot;:&quot;780px&quot;,&quot;unmute&quot;:false,&quot;anchor&quot;:null}\"\n\t\t\t\t\t\t\t\t\t\tdata-anchor-id=\"\"\n\t\t\t\t>\t\t<li class=\"sow-slider-image  sow-slider-image-cover\" style=\"visibility: visible;;background-color: #b52929;cursor: pointer;\" data-url=\"{&quot;url&quot;:&quot;https:\\\/\\\/luc-partner.de\\\/&quot;,&quot;new_window&quot;:false}\" >\n\t\t\t\t\t<div class=\"sow-slider-image-container\">\n\t\t\t<div class=\"sow-slider-image-wrapper\">\n\t\t\t\t<h1><span class=\"diyfeDecoration\">Herzlich willkommen!<\/span><\/h1><p>Wir helfen Ihnen, wo Sie uns brauchen.<\/p>\t\t\t<\/div>\n\t\t<\/div>\n\t\t<div class=\"sow-slider-image-overlay sow-slider-image-cover\" style=\"opacity: 0.65;background-image: url(https:\/\/luc-partner.de\/wp-content\/uploads\/2016\/04\/searching_146602_low.jpg)\"  ><\/div>\t\t<\/li>\n\t\t<\/ul>\t\t\t\t<ol class=\"sow-slider-pagination\">\n\t\t\t\t\t\t\t\t\t\t\t<li><a href=\"#\" data-goto=\"0\" aria-label=\"Display slide 1\"><\/a><\/li>\n\t\t\t\t\t\t\t\t\t<\/ol>\n\n\t\t\t\t<div class=\"sow-slide-nav sow-slide-nav-next\">\n\t\t\t\t\t<a href=\"#\" data-goto=\"next\" aria-label=\"Next slide\" data-action=\"next\">\n\t\t\t\t\t\t<em class=\"sow-sld-icon-thin-right\"><\/em>\n\t\t\t\t\t<\/a>\n\t\t\t\t<\/div>\n\n\t\t\t\t<div class=\"sow-slide-nav sow-slide-nav-prev\">\n\t\t\t\t\t<a href=\"#\" data-goto=\"previous\" aria-label=\"Previous slide\" data-action=\"prev\">\n\t\t\t\t\t\t<em class=\"sow-sld-icon-thin-left\"><\/em>\n\t\t\t\t\t<\/a>\n\t\t\t\t<\/div>\n\t\t\t\t<\/div><\/div><\/div><\/div><\/div><\/div><div id=\"pg-11-1\"  class=\"panel-grid panel-has-style\" ><div class=\"panel-row-style panel-row-style-for-11-1\" ><div id=\"pgc-11-1-0\"  class=\"panel-grid-cell panel-grid-cell-mobile-last\" ><div id=\"panel-11-1-0-0\" class=\"so-panel widget widget_sow-headline panel-first-child\" data-index=\"1\" ><div\n\t\t\t\n\t\t\tclass=\"so-widget-sow-headline so-widget-sow-headline-default-22d591227806-11\"\n\t\t\t\n\t\t><div class=\"sow-headline-container \">\n\t\t\t\t\t\t\t<h1 class=\"sow-headline\">\n\t\t\t\t\t\tStets an Ihrer Seite - Luc &amp; Partner GbR\t\t\t\t\t\t<\/h1>\n\t\t\t\t\t\t\t\t\t\t\t\t<h3 class=\"sow-sub-headline\">\n\t\t\t\t\t\tWir vom Pflegedienst Luc &amp; Partner, bieten Ihnen alle Leistungen der h\u00e4uslichen Pflege an. Dabei k\u00f6nnen wir auf unsere langj\u00e4hrige Erfahrung im Bereich der Pflege in und um Wuppertal setzen. Informieren Sie sich auf den nachfolgenden Seiten \u00fcber unsere Leistungen und \u00fcber unseren Pflegeservice.\t\t\t\t\t\t<\/h3>\n\t\t\t\t\t\t<\/div>\n<\/div><\/div><div id=\"panel-11-1-0-1\" class=\"so-panel widget widget_sow-button panel-last-child\" data-index=\"2\" ><div\n\t\t\t\n\t\t\tclass=\"so-widget-sow-button so-widget-sow-button-wire-0d1ea7ef3a78-11\"\n\t\t\t\n\t\t><div class=\"ow-button-base ow-button-align-left\"\n>\n\t\t\t<a\n\t\t\t\t\thref=\"https:\/\/luc-partner.de\/?page_id=84\"\n\t\t\t\t\tclass=\"sowb-button ow-icon-placement-left ow-button-hover\" \t>\n\t\t<span>\n\t\t\t\n\t\t\tErfahren Sie mehr\t\t<\/span>\n\t\t\t<\/a>\n\t<\/div>\n<\/div><\/div><\/div><div id=\"pgc-11-1-1\"  class=\"panel-grid-cell panel-grid-cell-empty\" ><\/div><\/div><\/div><div id=\"pg-11-2\"  class=\"panel-grid panel-has-style\" ><div class=\"siteorigin-panels-stretch panel-row-style panel-row-style-for-11-2\" data-stretch-type=\"full\" ><div id=\"pgc-11-2-0\"  class=\"panel-grid-cell panel-grid-cell-empty\" ><\/div><div id=\"pgc-11-2-1\"  class=\"panel-grid-cell\" ><div id=\"panel-11-2-1-0\" class=\"so-panel widget widget_sow-headline panel-first-child\" data-index=\"3\" ><div\n\t\t\t\n\t\t\tclass=\"so-widget-sow-headline so-widget-sow-headline-default-3091c32deb58-11\"\n\t\t\t\n\t\t><div class=\"sow-headline-container \">\n\t\t\t\t\t\t\t<h1 class=\"sow-headline\">\n\t\t\t\t\t\tWir sind f\u00fcr Sie da\t\t\t\t\t\t<\/h1>\n\t\t\t\t\t\t\t\t\t\t\t\t<h3 class=\"sow-sub-headline\">\n\t\t\t\t\t\tSie haben Fragen zum Thema Pflege? Oder Sie w\u00fcnschen eine unverbindliche Beratung? Kontaktieren Sie uns gerne \u2013 per Telefon oder E-Mail. Gerne besuchen wir Sie auch zu Hause. Wir freuen uns, Ihnen mit Rat und Tat zur Seite zu stehen!\t\t\t\t\t\t<\/h3>\n\t\t\t\t\t\t<\/div>\n<\/div><\/div><div id=\"panel-11-2-1-1\" class=\"so-panel widget widget_sow-button panel-last-child\" data-index=\"4\" ><div\n\t\t\t\n\t\t\tclass=\"so-widget-sow-button so-widget-sow-button-wire-cb21aea3ea55-11\"\n\t\t\t\n\t\t><div class=\"ow-button-base ow-button-align-right\"\n>\n\t\t\t<a\n\t\t\t\t\thref=\"https:\/\/luc-partner.de\/?page_id=95\"\n\t\t\t\t\tclass=\"sowb-button ow-icon-placement-left ow-button-hover\" \t>\n\t\t<span>\n\t\t\t\n\t\t\tErfahren Sie mehr\t\t<\/span>\n\t\t\t<\/a>\n\t<\/div>\n<\/div><\/div><\/div><\/div><\/div><div id=\"pg-11-3\"  class=\"panel-grid panel-has-style\" ><div class=\"panel-row-style panel-row-style-for-11-3\" ><div id=\"pgc-11-3-0\"  class=\"panel-grid-cell\" ><div id=\"panel-11-3-0-0\" class=\"so-panel widget widget_sow-headline panel-first-child panel-last-child\" data-index=\"5\" ><div\n\t\t\t\n\t\t\tclass=\"so-widget-sow-headline so-widget-sow-headline-default-4452a0dff1be-11\"\n\t\t\t\n\t\t><div class=\"sow-headline-container \">\n\t\t\t\t\t\t\t<h1 class=\"sow-headline\">\n\t\t\t\t\t\tBei uns ist Pflege Vertrauenssache\t\t\t\t\t\t<\/h1>\n\t\t\t\t\t\t\t\t\t\t\t\t<h3 class=\"sow-sub-headline\">\n\t\t\t\t\t\tZuhause ist der Ort, der f\u00fcr viele Geborgenheit und Wohlbefinden bedeutet. Diese Lebensqualit\u00e4t wollen wir auch bei Menschen mit gesundheitlichen Einschr\u00e4nkungen erhalten. Deshalb unterst\u00fctzen wir unsere Kunden darin, selbstbestimmt im eigenen Zuhause zu leben \u2013 mit bedarfsgerechter Pflege, professioneller Betreuung und individueller Beratung, die sie ben\u00f6tigen, um ihr Leben eigenst\u00e4ndig zu gestalten.\t\t\t\t\t\t<\/h3>\n\t\t\t\t\t\t<\/div>\n<\/div><\/div><\/div><\/div><\/div><div id=\"pg-11-4\"  class=\"panel-grid panel-has-style\" ><div class=\"siteorigin-panels-stretch panel-row-style panel-row-style-for-11-4\" data-stretch-type=\"full\" ><div id=\"pgc-11-4-0\"  class=\"panel-grid-cell panel-grid-cell-empty\" ><\/div><div id=\"pgc-11-4-1\"  class=\"panel-grid-cell panel-grid-cell-mobile-last\" ><div id=\"panel-11-4-1-0\" class=\"so-panel widget widget_sow-editor panel-first-child panel-last-child\" data-index=\"6\" ><div class=\"panel-widget-style panel-widget-style-for-11-4-1-0\" ><div\n\t\t\t\n\t\t\tclass=\"so-widget-sow-editor so-widget-sow-editor-base\"\n\t\t\t\n\t\t><h3 class=\"widget-title\">Patrycja Luc<\/h3>\n<div class=\"siteorigin-widget-tinymce textwidget\">\n\t<figure id=\"attachment_48\" aria-describedby=\"caption-attachment-48\" style=\"width: 225px\" class=\"wp-caption aligncenter\"><img loading=\"lazy\" decoding=\"async\" class=\"wp-image-48 size-medium\" src=\"https:\/\/luc-partner.de\/wp-content\/uploads\/2016\/04\/Luc-225x300.png\" alt=\"Patrycja Luc, Pflegedienstleitung\" width=\"225\" height=\"300\" srcset=\"https:\/\/luc-partner.de\/wp-content\/uploads\/2016\/04\/Luc-225x300.png 225w, https:\/\/luc-partner.de\/wp-content\/uploads\/2016\/04\/Luc-768x1024.png 768w, https:\/\/luc-partner.de\/wp-content\/uploads\/2016\/04\/Luc.png 800w\" sizes=\"auto, (max-width: 225px) 100vw, 225px\" \/><figcaption id=\"caption-attachment-48\" class=\"wp-caption-text\">Patrycja Luc<br \/>Gesch\u00e4ftsf\u00fchrer \/ Gesellschafter<br \/>Pflegedienstleitung<\/p>\n<p> Pflegedienst Luc &amp; Partner GbR Wuppertal<\/figcaption><\/figure>\n<p>\u00a0<\/p>\n<p>\u00a0<\/p>\n<\/div>\n<\/div><\/div><\/div><\/div><div id=\"pgc-11-4-2\"  class=\"panel-grid-cell panel-grid-cell-empty\" ><\/div><\/div><\/div><\/div>","protected":false},"excerpt":{"rendered":"<p>Herzlich willkommen!Wir helfen Ihnen, wo Sie uns brauchen. Stets an Ihrer Seite &#8211; Luc &amp; Partner GbR Wir vom Pflegedienst Luc &amp; Partner, bieten Ihnen alle Leistungen der h\u00e4uslichen Pflege an. Dabei k\u00f6nnen wir auf unsere langj\u00e4hrige Erfahrung im Bereich der Pflege in und um Wuppertal setzen. Informieren Sie sich auf den nachfolgenden Seiten \u00fcber<\/p>\n<div class=\"readmore\"><a class=\"btn slider-btn1\" href=\"https:\/\/luc-partner.de\/\">Read More&#8230;<\/a><\/div>\n","protected":false},"author":1,"featured_media":0,"parent":0,"menu_order":1,"comment_status":"closed","ping_status":"closed","template":"","meta":{"footnotes":""},"class_list":["post-11","page","type-page","status-publish","hentry"],"aioseo_notices":[],"_links":{"self":[{"href":"https:\/\/luc-partner.de\/index.php?rest_route=\/wp\/v2\/pages\/11","targetHints":{"allow":["GET"]}}],"collection":[{"href":"https:\/\/luc-partner.de\/index.php?rest_route=\/wp\/v2\/pages"}],"about":[{"href":"https:\/\/luc-partner.de\/index.php?rest_route=\/wp\/v2\/types\/page"}],"author":[{"embeddable":true,"href":"https:\/\/luc-partner.de\/index.php?rest_route=\/wp\/v2\/users\/1"}],"replies":[{"embeddable":true,"href":"https:\/\/luc-partner.de\/index.php?rest_route=%2Fwp%2Fv2%2Fcomments&post=11"}],"version-history":[{"count":37,"href":"https:\/\/luc-partner.de\/index.php?rest_route=\/wp\/v2\/pages\/11\/revisions"}],"predecessor-version":[{"id":222,"href":"https:\/\/luc-partner.de\/index.php?rest_route=\/wp\/v2\/pages\/11\/revisions\/222"}],"wp:attachment":[{"href":"https:\/\/luc-partner.de\/index.php?rest_route=%2Fwp%2Fv2%2Fmedia&parent=11"}],"curies":[{"name":"wp","href":"https:\/\/api.w.org\/{rel}","templated":true}]}}